{"id":1546,"date":"2020-01-09T22:31:03","date_gmt":"2020-01-09T22:31:03","guid":{"rendered":"http:\/\/fotoknobi.de\/hochzeit\/?page_id=1546"},"modified":"2026-01-04T13:22:38","modified_gmt":"2026-01-04T13:22:38","slug":"faq","status":"publish","type":"page","link":"https:\/\/hochzeitsfotograf-bb.de\/?page_id=1546","title":{"rendered":"FAQ"},"content":{"rendered":"\n<pre class=\"wp-block-preformatted\"><strong>Wie fotografierst du am Hochzeitstag?<\/strong>\n\n&gt;&gt; In der Reportage bin ich der unauff\u00e4llige Begleiter, der f\u00fcr euch immer da ist und im Hintergrund fotografiert um von den G\u00e4sten als nicht st\u00f6rend wahrgenommen zu werden und insbesondere dadurch echte Momente und Emotionen einfangen zu k\u00f6nnen. Ebenso ist es mir wichtig passend gekleidet zu sein um nicht aufzufallen. Ihr werdet mich niemals in einem wei\u00dfen T-Shirt eine Hochzeit fotografieren sehen - ausser es sollte euer gew\u00fcnschter Dresscode sein.<\/pre>\n\n\n\n<pre class=\"wp-block-preformatted\"><strong>Mit welchem Equipment fotografierst du?<\/strong><br><br>>> Ich begleite Hochzeiten mit unterschiedlichen Kamerassystemen von Canon, die sich hinsichtlich verschiedener Anforderungen am Hochzeitstag ideal erg\u00e4nzen. Ich bin immer mit mehreren Kameras vor Ort, sodass etwaige technische Ausf\u00e4lle die fotografische Begleitung eures Hochzeitstages nicht gef\u00e4hrden.<\/pre>\n\n\n\n<pre class=\"wp-block-preformatted\"><strong>Wieviel Zeit m\u00fcssen wir am Hochzeitstag f\u00fcr das Brautpaarshooting einplanen?<\/strong><br><br>&gt;&gt; Dies ist individuell. Je nachdem wieviel Zeit an eurem Hochzeitstag verf\u00fcgbar ist und wie ihr den Schwerpunkt legt. Sch\u00f6n w\u00e4re circa eine Stunde, am liebsten Abends, jedoch so wie es sinnvoll in euren Tagesablaufplan passt. <\/pre>\n\n\n\n<pre class=\"wp-block-preformatted\"><strong>Wie lange dauert es bis wir die Hochzeitsbilder bekommen?<\/strong><br><br>>> Ich versuche euch die Bilder innerhalb von 14 Tagen nach dem Hochzeitstag vorbeizubringen. Wenn ihr schon eher ein, zwei Bild f\u00fcr Social-Media oder \u00e4hnliches ben\u00f6tigt, so bekommen wir das auch sicher hin.  <\/pre>\n\n\n\n<pre class=\"wp-block-preformatted\"><strong>Wie erhalten wir unsere Hochzeitsbilder?<\/strong>\n\n&gt;&gt; Die Bilder erhaltet ihr in h\u00f6chster Aufl\u00f6sung auf einem USB-Stick. Nat\u00fcrlich ohne Wasserzeichen oder Logo. Diese Bilder k\u00f6nnt ihr frei f\u00fcr den privaten Bereich verwenden - nat\u00fcrlich sind hierbei s\u00e4mtliche soziale Netzwerke mitinbegriffen.<\/pre>\n\n\n\n<pre class=\"wp-block-preformatted\"><strong>Wie bearbeitest du die Bilder?<\/strong><br><br>>> Eure Hochzeitsbilder werden von mir pers\u00f6nlich ausgesucht und von mir individuell bearbeitet. Eure Bilder werden nicht von externen Dienstleistern bspweise in Indien bearbeitet, sondern ausschlie\u00dflich von mir.<br>Mein Ziel bei der Bearbeitung ist es, dass ihr an euren Bildern auch noch in vielen Jahren gefallen findet, danach orientiert sich auch mein Bearbeitungsstil.<\/pre>\n\n\n\n<pre class=\"wp-block-preformatted\"><strong>Werden unsere Hochzeitsbilder ver\u00f6ffentlicht?<\/strong>\n\n&gt;&gt; Ich kann es verstehen, wenn ihr nicht m\u00f6chtet, dass eure Bilder im Internet zu sehen sind. Daher besprechen wir dies bei unserem Gespr\u00e4ch.\nIch bin sehr gl\u00fccklich, dass Brautpaare mir die Erlaubnis Bilder zu ver\u00f6ffentlichen geben. Sonst w\u00e4re meine Website leer, da ich ausschlie\u00dflich echte Paare &amp; Hochzeiten zeige und keine 'Styled-Shoot-Bilder', bei denen sich verschiedene Dienstleister mit zwei Models treffen und Hochzeitsbilder nachahmen versuchen.<\/pre>\n\n\n\n<pre class=\"wp-block-preformatted\"><strong>Sind alle Brautpaare auf deiner Website echt?<\/strong><br><br>&gt;&gt; Ausnahmslos sind auf allen meinen Bildern echte Brautpaare in ihrer eigenen Kleidung zu sehen. <\/pre>\n\n\n\n<pre class=\"wp-block-preformatted\"><strong>Ist es m\u00f6glich auch ohne Hochzeit bei dir Paarbilder zu machen?<\/strong><br><br>&gt;&gt; Ja nat\u00fcrlich. Ebenso ist die Ausstellung eines Geschenkgutscheins m\u00f6glich.<\/pre>\n\n\n\n<pre class=\"wp-block-preformatted\"> <strong>Eure Frage war nicht dabei?  <\/strong>\n\n&gt;&gt; meldet euch bei mir<\/pre>\n\n\n<div class=\"wpforms-container wpforms-container-full wpforms-block wpforms-block-0a997896-8969-481a-ad4c-df947da0a099\" id=\"wpforms-2144\"><form id=\"wpforms-form-2144\" class=\"wpforms-validate wpforms-form wpforms-ajax-form\" data-formid=\"2144\" method=\"post\" enctype=\"multipart\/form-data\" action=\"\/index.php?rest_route=%2Fwp%2Fv2%2Fpages%2F1546\" data-token=\"942e996737ffba895603ca8751458a90\" data-token-time=\"1777629866\"><noscript class=\"wpforms-error-noscript\">Bitte aktiviere JavaScript in deinem Browser, um dieses Formular fertigzustellen.<\/noscript><div class=\"wpforms-field-container\"><div id=\"wpforms-2144-field_0-container\" class=\"wpforms-field wpforms-field-name\" data-field-id=\"0\"><label class=\"wpforms-field-label\">Name <span class=\"wpforms-required-label\">*<\/span><\/label><div class=\"wpforms-field-row wpforms-field-medium\"><div class=\"wpforms-field-row-block wpforms-first wpforms-one-half\"><input type=\"text\" id=\"wpforms-2144-field_0\" class=\"wpforms-field-name-first wpforms-field-required\" name=\"wpforms[fields][0][first]\" required><label for=\"wpforms-2144-field_0\" class=\"wpforms-field-sublabel after\">Vorname<\/label><\/div><div class=\"wpforms-field-row-block wpforms-one-half\"><input type=\"text\" id=\"wpforms-2144-field_0-last\" class=\"wpforms-field-name-last wpforms-field-required\" name=\"wpforms[fields][0][last]\" required><label for=\"wpforms-2144-field_0-last\" class=\"wpforms-field-sublabel after\">Nachname<\/label><\/div><\/div><\/div><div id=\"wpforms-2144-field_1-container\" class=\"wpforms-field wpforms-field-email\" data-field-id=\"1\"><label class=\"wpforms-field-label\" for=\"wpforms-2144-field_1\">E-Mail-Adresse <span class=\"wpforms-required-label\">*<\/span><\/label><input type=\"email\" id=\"wpforms-2144-field_1\" class=\"wpforms-field-medium wpforms-field-required\" name=\"wpforms[fields][1]\" spellcheck=\"false\" required><\/div><div id=\"wpforms-2144-field_2-container\" class=\"wpforms-field wpforms-field-textarea\" data-field-id=\"2\"><label class=\"wpforms-field-label\" for=\"wpforms-2144-field_2\"> Nachricht<\/label><textarea id=\"wpforms-2144-field_2\" class=\"wpforms-field-medium\" name=\"wpforms[fields][2]\" ><\/textarea><\/div><\/div><!-- .wpforms-field-container --><div class=\"wpforms-submit-container\" ><input type=\"hidden\" name=\"wpforms[id]\" value=\"2144\"><input type=\"hidden\" name=\"page_title\" value=\"\"><input type=\"hidden\" name=\"page_url\" value=\"https:\/\/hochzeitsfotograf-bb.de\/index.php?rest_route=\/wp\/v2\/pages\/1546\"><input type=\"hidden\" name=\"url_referer\" value=\"\"><button type=\"submit\" name=\"wpforms[submit]\" id=\"wpforms-submit-2144\" class=\"wpforms-submit\" data-alt-text=\"Wird gesendet\u00a0\u2026\" data-submit-text=\"Absenden\" aria-live=\"assertive\" value=\"wpforms-submit\">Absenden<\/button><img loading=\"lazy\" decoding=\"async\" src=\"https:\/\/hochzeitsfotograf-bb.de\/wp-content\/plugins\/wpforms-lite\/assets\/images\/submit-spin.svg\" class=\"wpforms-submit-spinner\" style=\"display: none;\" width=\"26\" height=\"26\" alt=\"Wird geladen\"><\/div><\/form><\/div>  <!-- .wpforms-container -->","protected":false},"excerpt":{"rendered":"<p>Wie fotografierst du am Hochzeitstag? &gt;&gt; In der Reportage bin ich der unauff\u00e4llige Begleiter, der f\u00fcr euch immer da ist und im Hintergrund fotografiert um&#8230;<\/p>\n<div class=\"more-link-wrapper\"><a class=\"more-link\" href=\"https:\/\/hochzeitsfotograf-bb.de\/?page_id=1546\">Weiterlesen<span class=\"screen-reader-text\">FAQ<\/span><\/a><\/div>\n","protected":false},"author":1,"featured_media":0,"parent":0,"menu_order":0,"comment_status":"closed","ping_status":"closed","template":"","meta":{"footnotes":""},"class_list":["post-1546","page","type-page","status-publish","hentry","ratio-natural","entry"],"_links":{"self":[{"href":"https:\/\/hochzeitsfotograf-bb.de\/index.php?rest_route=\/wp\/v2\/pages\/1546","targetHints":{"allow":["GET"]}}],"collection":[{"href":"https:\/\/hochzeitsfotograf-bb.de\/index.php?rest_route=\/wp\/v2\/pages"}],"about":[{"href":"https:\/\/hochzeitsfotograf-bb.de\/index.php?rest_route=\/wp\/v2\/types\/page"}],"author":[{"embeddable":true,"href":"https:\/\/hochzeitsfotograf-bb.de\/index.php?rest_route=\/wp\/v2\/users\/1"}],"replies":[{"embeddable":true,"href":"https:\/\/hochzeitsfotograf-bb.de\/index.php?rest_route=%2Fwp%2Fv2%2Fcomments&post=1546"}],"version-history":[{"count":45,"href":"https:\/\/hochzeitsfotograf-bb.de\/index.php?rest_route=\/wp\/v2\/pages\/1546\/revisions"}],"predecessor-version":[{"id":2243,"href":"https:\/\/hochzeitsfotograf-bb.de\/index.php?rest_route=\/wp\/v2\/pages\/1546\/revisions\/2243"}],"wp:attachment":[{"href":"https:\/\/hochzeitsfotograf-bb.de\/index.php?rest_route=%2Fwp%2Fv2%2Fmedia&parent=1546"}],"curies":[{"name":"wp","href":"https:\/\/api.w.org\/{rel}","templated":true}]}}