{"id":360,"date":"2012-11-12T14:08:07","date_gmt":"2012-11-12T14:08:07","guid":{"rendered":"http:\/\/fotoknobi.de\/hochzeit\/?page_id=360"},"modified":"2023-01-10T16:09:32","modified_gmt":"2023-01-10T16:09:32","slug":"photobooth","status":"publish","type":"page","link":"https:\/\/hochzeitsfotograf-bb.de\/?page_id=360","title":{"rendered":"Fotobox"},"content":{"rendered":"<p>Urspr\u00fcnglich wurden die Fotoautomaten in Kaufh\u00e4usern und Ladenstra\u00dfen als &#8222;Photobooth&#8220; bezeichnet, in denen sich die Leute fotografieren lassen konnten und 4 kleine Bilder auf Papier in Passbildgr\u00f6\u00dfe bekommen haben.<\/p>\n<p>In der Hochzeitsfotografie beschreibt der Begriff des &#8222;Photobooth&#8220; ein automatisiertes Fotostudio in dem sich die G\u00e4ste und nat\u00fcrlich auch das Brautpaar selbst fotografieren k\u00f6nnen und das Ergebnis direkt auf einem Monitor ansehen k\u00f6nnen.<\/p>\n<p>Durch den Moment der Eigeninitiative der Personen sich selbst zu fotografieren erh\u00e4lt man einmalige Erinnerungsmomente, die nur durch die individuelle, kreative Vorgehensweise der Personen zu erreichen ist, da sie komplett von dem Gef\u00fchl &#8222;des fotografiert werdens&#8220; befreit sind und selbst aktiv sind.<\/p>\n<p>Ich pers\u00f6nlich sehe die Fotobox als kreativen Spielplatz der G\u00e4ste &amp; des Brautpaares, in dem sich die G\u00e4ste kreativ austoben k\u00f6nnen.<\/p>\n<p><a href=\"https:\/\/hochzeitsfotograf-bb.de\/wp-content\/uploads\/2012\/11\/photobooth1.jpg\"><img loading=\"lazy\" decoding=\"async\" class=\"alignnone size-full wp-image-369\" title=\"photobooth1\" src=\"https:\/\/hochzeitsfotograf-bb.de\/wp-content\/uploads\/2012\/11\/photobooth1.jpg\" alt=\"\" width=\"640\" height=\"429\" srcset=\"https:\/\/hochzeitsfotograf-bb.de\/wp-content\/uploads\/2012\/11\/photobooth1.jpg 640w, https:\/\/hochzeitsfotograf-bb.de\/wp-content\/uploads\/2012\/11\/photobooth1-300x201.jpg 300w\" sizes=\"auto, (max-width: 640px) 100vw, 640px\" \/><\/a><\/p>\n<p>Mit einer Vielzahl an Blitzen und unterschiedlichen Lichtformern lassen sich Aufbauten realisieren, die eine hochwertige Lichtqualit\u00e4t bieten. Die Fotobox kann mit bis zu 7 Bildern pro Sekunde betrieben werden.<\/p>\n<p>Sie erhalten die Bilder digital auf einem Datentr\u00e4ger, wenn sie m\u00f6chten in einer Onlinegalerie, die am Tag nach der Hochzeit f\u00fcr sie und die G\u00e4ste aufrufbar ist.<\/p>\n<p>Selbstverst\u00e4ndlich kann die Fotobox auch abseits von Hochzeiten gebucht werden. Geburtstage, Firmenevents , etc.<\/p>\n","protected":false},"excerpt":{"rendered":"<p>Urspr\u00fcnglich wurden die Fotoautomaten in Kaufh\u00e4usern und Ladenstra\u00dfen als &#8222;Photobooth&#8220; bezeichnet, in denen sich die Leute fotografieren lassen konnten und 4 kleine Bilder auf Papier&#8230;<\/p>\n<div class=\"more-link-wrapper\"><a class=\"more-link\" href=\"https:\/\/hochzeitsfotograf-bb.de\/?page_id=360\">Weiterlesen<span class=\"screen-reader-text\">Fotobox<\/span><\/a><\/div>\n","protected":false},"author":1,"featured_media":0,"parent":0,"menu_order":3,"comment_status":"open","ping_status":"open","template":"","meta":{"footnotes":""},"class_list":["post-360","page","type-page","status-publish","hentry","ratio-natural","entry"],"_links":{"self":[{"href":"https:\/\/hochzeitsfotograf-bb.de\/index.php?rest_route=\/wp\/v2\/pages\/360","targetHints":{"allow":["GET"]}}],"collection":[{"href":"https:\/\/hochzeitsfotograf-bb.de\/index.php?rest_route=\/wp\/v2\/pages"}],"about":[{"href":"https:\/\/hochzeitsfotograf-bb.de\/index.php?rest_route=\/wp\/v2\/types\/page"}],"author":[{"embeddable":true,"href":"https:\/\/hochzeitsfotograf-bb.de\/index.php?rest_route=\/wp\/v2\/users\/1"}],"replies":[{"embeddable":true,"href":"https:\/\/hochzeitsfotograf-bb.de\/index.php?rest_route=%2Fwp%2Fv2%2Fcomments&post=360"}],"version-history":[{"count":14,"href":"https:\/\/hochzeitsfotograf-bb.de\/index.php?rest_route=\/wp\/v2\/pages\/360\/revisions"}],"predecessor-version":[{"id":2095,"href":"https:\/\/hochzeitsfotograf-bb.de\/index.php?rest_route=\/wp\/v2\/pages\/360\/revisions\/2095"}],"wp:attachment":[{"href":"https:\/\/hochzeitsfotograf-bb.de\/index.php?rest_route=%2Fwp%2Fv2%2Fmedia&parent=360"}],"curies":[{"name":"wp","href":"https:\/\/api.w.org\/{rel}","templated":true}]}}