{"id":706,"date":"2013-11-09T15:15:57","date_gmt":"2013-11-09T15:15:57","guid":{"rendered":"http:\/\/fotoknobi.de\/hochzeit\/?page_id=706"},"modified":"2026-01-04T13:19:16","modified_gmt":"2026-01-04T13:19:16","slug":"benjamin","status":"publish","type":"page","link":"https:\/\/hochzeitsfotograf-bb.de\/?page_id=706","title":{"rendered":"Benjamin"},"content":{"rendered":"<div class=\"wp-block-image\">\n<figure class=\"aligncenter\"><img loading=\"lazy\" decoding=\"async\" width=\"910\" height=\"683\" src=\"https:\/\/hochzeitsfotograf-bb.de\/wp-content\/uploads\/2013\/11\/bk1.jpg\" alt=\"\" class=\"wp-image-1238\" srcset=\"https:\/\/hochzeitsfotograf-bb.de\/wp-content\/uploads\/2013\/11\/bk1.jpg 910w, https:\/\/hochzeitsfotograf-bb.de\/wp-content\/uploads\/2013\/11\/bk1-300x225.jpg 300w, https:\/\/hochzeitsfotograf-bb.de\/wp-content\/uploads\/2013\/11\/bk1-768x576.jpg 768w\" sizes=\"auto, (max-width: 910px) 100vw, 910px\" \/><\/figure>\n<\/div>\n\n\n<p>Hallo,<\/p>\n\n\n\n<p>mein Name ist Benjamin, ich bin 37 Jahre alt, komme aus Sindelfingen und bin Hochzeitsfotograf.<\/p>\n\n\n\n<p>Seit 15 Jahren darf ich Brautpaare an ihrem Hochzeitstag fotografisch begleiten. Mein Schwerpunkt ist die nat\u00fcrliche, ungestellte Fotoreportage, bei der ich ohne aufzufallen euren Hochzeitstag fotografisch festhalte.<\/p>\n\n\n\n<p>Meist beginne ich beim Getting-Ready von Braut und Br\u00e4utigam und lege die Kamera bei Beginn der Party, nach eurem Hochzeitstanz, sp\u00e4tabends zur Seite. Nat\u00fcrlich sind auch k\u00fcrzere Buchungen m\u00f6glich, dies besprechen wir pers\u00f6nlich oder telefonisch und finden den f\u00fcr euch passenden Weg.<\/p>\n\n\n\n<p>Nachfolgend ein exemplarischer Ablauf, wie ich vorgehe:<\/p>\n\n\n\n<ul class=\"wp-block-list\">\n<li>Kontaktaufnahme via E-Mail, Telefon oder Kontaktformular<\/li>\n\n\n\n<li>Kennenlerngespr\u00e4ch<\/li>\n\n\n\n<li>Engagementshooting<\/li>\n\n\n\n<li>2-3 Wochen vor dem Hochzeitstag Besprechung des Tagesablaufs<\/li>\n\n\n\n<li>Hochzeitstag<\/li>\n\n\n\n<li>Sortieren, Aussuchen und Bearbeiten der Bilder<\/li>\n\n\n\n<li>Vorbeibringen der fertigen Bilder<\/li>\n<\/ul>\n\n\n\n<p>Weitere M\u00f6glichkeiten, wie beispielsweise meine <a rel=\"noreferrer noopener\" href=\"https:\/\/hochzeitsfotograf-bb.de\/?page_id=360\" target=\"_blank\">Fotobox<\/a> lassen sich am einfachsten in einem Gespr\u00e4ch besprechen.<\/p>\n\n\n<div class=\"wpforms-container wpforms-container-full wpforms-block wpforms-block-d4f72a79-856e-4a49-84e0-166cd353d8db\" id=\"wpforms-2144\"><form id=\"wpforms-form-2144\" class=\"wpforms-validate wpforms-form wpforms-ajax-form\" data-formid=\"2144\" method=\"post\" enctype=\"multipart\/form-data\" action=\"\/index.php?rest_route=%2Fwp%2Fv2%2Fpages%2F706\" data-token=\"942e996737ffba895603ca8751458a90\" data-token-time=\"1777629486\"><noscript class=\"wpforms-error-noscript\">Bitte aktiviere JavaScript in deinem Browser, um dieses Formular fertigzustellen.<\/noscript><div class=\"wpforms-field-container\"><div id=\"wpforms-2144-field_0-container\" class=\"wpforms-field wpforms-field-name\" data-field-id=\"0\"><label class=\"wpforms-field-label\">Name <span class=\"wpforms-required-label\">*<\/span><\/label><div class=\"wpforms-field-row wpforms-field-medium\"><div class=\"wpforms-field-row-block wpforms-first wpforms-one-half\"><input type=\"text\" id=\"wpforms-2144-field_0\" class=\"wpforms-field-name-first wpforms-field-required\" name=\"wpforms[fields][0][first]\" required><label for=\"wpforms-2144-field_0\" class=\"wpforms-field-sublabel after\">Vorname<\/label><\/div><div class=\"wpforms-field-row-block wpforms-one-half\"><input type=\"text\" id=\"wpforms-2144-field_0-last\" class=\"wpforms-field-name-last wpforms-field-required\" name=\"wpforms[fields][0][last]\" required><label for=\"wpforms-2144-field_0-last\" class=\"wpforms-field-sublabel after\">Nachname<\/label><\/div><\/div><\/div><div id=\"wpforms-2144-field_1-container\" class=\"wpforms-field wpforms-field-email\" data-field-id=\"1\"><label class=\"wpforms-field-label\" for=\"wpforms-2144-field_1\">E-Mail-Adresse <span class=\"wpforms-required-label\">*<\/span><\/label><input type=\"email\" id=\"wpforms-2144-field_1\" class=\"wpforms-field-medium wpforms-field-required\" name=\"wpforms[fields][1]\" spellcheck=\"false\" required><\/div><div id=\"wpforms-2144-field_2-container\" class=\"wpforms-field wpforms-field-textarea\" data-field-id=\"2\"><label class=\"wpforms-field-label\" for=\"wpforms-2144-field_2\"> Nachricht<\/label><textarea id=\"wpforms-2144-field_2\" class=\"wpforms-field-medium\" name=\"wpforms[fields][2]\" ><\/textarea><\/div><\/div><!-- .wpforms-field-container --><div class=\"wpforms-submit-container\" ><input type=\"hidden\" name=\"wpforms[id]\" value=\"2144\"><input type=\"hidden\" name=\"page_title\" value=\"\"><input type=\"hidden\" name=\"page_url\" value=\"https:\/\/hochzeitsfotograf-bb.de\/index.php?rest_route=\/wp\/v2\/pages\/706\"><input type=\"hidden\" name=\"url_referer\" value=\"\"><button type=\"submit\" name=\"wpforms[submit]\" id=\"wpforms-submit-2144\" class=\"wpforms-submit\" data-alt-text=\"Wird gesendet\u00a0\u2026\" data-submit-text=\"Absenden\" aria-live=\"assertive\" value=\"wpforms-submit\">Absenden<\/button><img loading=\"lazy\" decoding=\"async\" src=\"https:\/\/hochzeitsfotograf-bb.de\/wp-content\/plugins\/wpforms-lite\/assets\/images\/submit-spin.svg\" class=\"wpforms-submit-spinner\" style=\"display: none;\" width=\"26\" height=\"26\" alt=\"Wird geladen\"><\/div><\/form><\/div>  <!-- .wpforms-container -->","protected":false},"excerpt":{"rendered":"<p>Hallo, mein Name ist Benjamin, ich bin 37 Jahre alt, komme aus Sindelfingen und bin Hochzeitsfotograf. Seit 15 Jahren darf ich Brautpaare an ihrem Hochzeitstag&#8230;<\/p>\n<div class=\"more-link-wrapper\"><a class=\"more-link\" href=\"https:\/\/hochzeitsfotograf-bb.de\/?page_id=706\">Weiterlesen<span class=\"screen-reader-text\">Benjamin<\/span><\/a><\/div>\n","protected":false},"author":1,"featured_media":0,"parent":0,"menu_order":5,"comment_status":"closed","ping_status":"open","template":"templates\/full-width.php","meta":{"footnotes":""},"class_list":["post-706","page","type-page","status-publish","hentry","ratio-natural","entry"],"_links":{"self":[{"href":"https:\/\/hochzeitsfotograf-bb.de\/index.php?rest_route=\/wp\/v2\/pages\/706","targetHints":{"allow":["GET"]}}],"collection":[{"href":"https:\/\/hochzeitsfotograf-bb.de\/index.php?rest_route=\/wp\/v2\/pages"}],"about":[{"href":"https:\/\/hochzeitsfotograf-bb.de\/index.php?rest_route=\/wp\/v2\/types\/page"}],"author":[{"embeddable":true,"href":"https:\/\/hochzeitsfotograf-bb.de\/index.php?rest_route=\/wp\/v2\/users\/1"}],"replies":[{"embeddable":true,"href":"https:\/\/hochzeitsfotograf-bb.de\/index.php?rest_route=%2Fwp%2Fv2%2Fcomments&post=706"}],"version-history":[{"count":57,"href":"https:\/\/hochzeitsfotograf-bb.de\/index.php?rest_route=\/wp\/v2\/pages\/706\/revisions"}],"predecessor-version":[{"id":2237,"href":"https:\/\/hochzeitsfotograf-bb.de\/index.php?rest_route=\/wp\/v2\/pages\/706\/revisions\/2237"}],"wp:attachment":[{"href":"https:\/\/hochzeitsfotograf-bb.de\/index.php?rest_route=%2Fwp%2Fv2%2Fmedia&parent=706"}],"curies":[{"name":"wp","href":"https:\/\/api.w.org\/{rel}","templated":true}]}}